{"id":205,"date":"2015-11-15T13:33:36","date_gmt":"2015-11-15T13:33:36","guid":{"rendered":"https:\/\/jmsolodesigns.com\/demo\/cmspi\/?page_id=205"},"modified":"2017-02-03T15:59:52","modified_gmt":"2017-02-03T21:59:52","slug":"events","status":"publish","type":"page","link":"https:\/\/casamariposaspi.com\/es\/events\/","title":{"rendered":"Eventos"},"content":{"rendered":"<div class=\"wpb-content-wrapper\"><p>[vc_row type=&#8221;full_width_background&#8221; bg_color=&#8221;#222222&#8243; text_color=&#8221;light&#8221; top_padding=&#8221;60&#8243; bottom_padding=&#8221;60&#8243;][vc_column][vc_custom_heading text=&#8221;El Lugar Casa Mariposa&#8221; font_container=&#8221;tag:h2|font_size:42px|text_align:center|line_height:60px&#8221; google_fonts=&#8221;font_family:Playfair%20Display%3Aregular%2Citalic%2C700%2C700italic%2C900%2C900italic|font_style:400%20regular%3A400%3Anormal&#8221;][vc_column_text el_class=&#8221;fs21&#8243;]<\/p>\n<p style=\"text-align: center;\">Ya sea que usted est\u00e1 en busca de una ceremonia tranquila playa o una celebraci\u00f3n a gran escala, Casa Mariposa puede hacer que su evento especial perfecta y sin esfuerzo. Somos especialistas en la creaci\u00f3n de uno de una clase, impecablemente dise\u00f1ado y eventos con nuestros servicios de planificaci\u00f3n de encargo ejecutado.<\/p>\n<p>[\/vc_column_text][\/vc_column][\/vc_row][vc_row type=&#8221;full_width_content&#8221; bg_image=&#8221;516&#8243; bg_position=&#8221;center center&#8221; parallax_bg=&#8221;true&#8221; top_padding=&#8221;80&#8243; bottom_padding=&#8221;80&#8243;][vc_column width=&#8221;1\/3&#8243;][\/vc_column][vc_column width=&#8221;1\/3&#8243;][vc_row_inner css=&#8221;.vc_custom_1457545635367{margin-bottom: 20px !important;background-color: #ffffff !important;}&#8221;][vc_column_inner column_padding=&#8221;6%&#8221; el_class=&#8221;double6&#8243; css=&#8221;.vc_custom_1457545510416{background-color: #ffffff !important;}&#8221;][vc_empty_space height=&#8221;15px&#8221;][vc_custom_heading text=&#8221;El paquete de Mariposa&#8221; font_container=&#8221;tag:h3|font_size:32px|text_align:center|line_height:40px&#8221; google_fonts=&#8221;font_family:Playfair%20Display%3Aregular%2Citalic%2C700%2C700italic%2C900%2C900italic|font_style:400%20regular%3A400%3Anormal&#8221;][vc_empty_space height=&#8221;15px&#8221;][separator width=&#8221;60px&#8221; height=&#8221;1px&#8221; position=&#8221;center&#8221; color=&#8221;#444444&#8243;][vc_empty_space height=&#8221;15px&#8221;][vc_column_text]<\/p>\n<ul>\n<li>lugar para 200 personas o menos<\/li>\n<li>Complimentary estancia de una noche en nuestro Relajante Suite Luna de miel<\/li>\n<li>Tabla detallada \/ Mapping &amp; amp Presidente; Preparar<br \/>\n<em> * Mesas y Sillas Incluye <\/em><\/li>\n<li>2 de la boda d\u00eda de limpieza asistentes<\/li>\n<li>Sal\u00f3n ajustar<\/li>\n<li>Estacionamiento Privado<\/li>\n<li>limpieza despu\u00e9s del evento<\/li>\n<li>Opcional 1 Hora del Evento Ensayo Tiempo<\/li>\n<li>4 horas Opcional El uso de Venue &amp; Villa a la sesi\u00f3n de fotos<\/li>\n<\/ul>\n<p>[\/vc_column_text][vc_empty_space][\/vc_column_inner][\/vc_row_inner][\/vc_column][vc_column width=&#8221;1\/3&#8243;][\/vc_column][vc_column width=&#8221;1\/3&#8243;][vc_row_inner css=&#8221;.vc_custom_1450292657758{background-color: #ffffff !important;}&#8221;][vc_column_inner column_padding=&#8221;6%&#8221; el_class=&#8221;double6&#8243; css=&#8221;.vc_custom_1448062247127{background-color: #ffffff !important;}&#8221;][vc_empty_space height=&#8221;15px&#8221;][vc_custom_heading text=&#8221;El paquete rom\u00e1ntico&#8221; font_container=&#8221;tag:h3|font_size:32px|text_align:center|line_height:40px&#8221; google_fonts=&#8221;font_family:Playfair%20Display%3Aregular%2Citalic%2C700%2C700italic%2C900%2C900italic|font_style:400%20regular%3A400%3Anormal&#8221;][vc_empty_space height=&#8221;15px&#8221;][separator width=&#8221;60px&#8221; height=&#8221;1px&#8221; position=&#8221;center&#8221; color=&#8221;#444444&#8243;][vc_empty_space height=&#8221;15px&#8221;][vc_column_text]<\/p>\n<ul>\n<li>lugar para 50 personas o menos<\/li>\n<li>Tabla detallada \/ Mapeo Presidente<br \/>\n<em> * Mesas y Sillas Incluye <\/em><\/li>\n<li>1 D\u00eda de la boda de limpieza Operador<\/li>\n<li>Sal\u00f3n ajustar<\/li>\n<li>Estacionamiento Privado<\/li>\n<li>limpieza despu\u00e9s del evento<\/li>\n<li>Opcional 1 Hora del Evento Ensayo Tiempo<\/li>\n<\/ul>\n<p>[\/vc_column_text][vc_empty_space][\/vc_column_inner][\/vc_row_inner][\/vc_column][vc_column width=&#8221;1\/3&#8243;][vc_row_inner css=&#8221;.vc_custom_1450292626590{background-color: #ffffff !important;}&#8221;][vc_column_inner column_padding=&#8221;6%&#8221; el_class=&#8221;double6&#8243; css=&#8221;.vc_custom_1448062254736{background-color: #ffffff !important;}&#8221;][vc_empty_space height=&#8221;15px&#8221;][vc_custom_heading text=&#8221;El paquete Ensayo&#8221; font_container=&#8221;tag:h3|font_size:32px|text_align:center|line_height:40px&#8221; google_fonts=&#8221;font_family:Playfair%20Display%3Aregular%2Citalic%2C700%2C700italic%2C900%2C900italic|font_style:400%20regular%3A400%3Anormal&#8221;][vc_empty_space height=&#8221;15px&#8221;][separator width=&#8221;60px&#8221; height=&#8221;1px&#8221; position=&#8221;center&#8221; color=&#8221;#444444&#8243;][vc_empty_space height=&#8221;15px&#8221;][vc_column_text]<\/p>\n<ul>\n<li>lugar para 100 personas o menos<\/li>\n<li>detallada de tabla de patio \/ Planificaci\u00f3n &amp; Presidente; Preparar<br \/>\n<em> * Mesas, Mesas de c\u00f3ctel &amp; Se incluyen sillas <\/em><\/li>\n<li>1 Bodas D\u00eda de Limpieza Operador<\/li>\n<li>Estacionamiento Privado<\/li>\n<li>limpieza despu\u00e9s del evento<\/li>\n<li>Opcional 1 Hora del Evento Ensayo Tiempo<\/li>\n<\/ul>\n<p>[\/vc_column_text][vc_empty_space][\/vc_column_inner][\/vc_row_inner][\/vc_column][vc_column width=&#8221;1\/3&#8243;][vc_row_inner css=&#8221;.vc_custom_1450292626590{background-color: #ffffff !important;}&#8221;][vc_column_inner column_padding=&#8221;6%&#8221; el_class=&#8221;double6&#8243; css=&#8221;.vc_custom_1448062254736{background-color: #ffffff !important;}&#8221;][vc_empty_space height=&#8221;15px&#8221;][vc_custom_heading text=&#8221;Partido en la terraza&#8221; font_container=&#8221;tag:h3|font_size:32px|text_align:center|line_height:40px&#8221; google_fonts=&#8221;font_family:Playfair%20Display%3Aregular%2Citalic%2C700%2C700italic%2C900%2C900italic|font_style:400%20regular%3A400%3Anormal&#8221;][vc_empty_space height=&#8221;15px&#8221;][separator width=&#8221;60px&#8221; height=&#8221;1px&#8221; position=&#8221;center&#8221; color=&#8221;#444444&#8243;][vc_empty_space height=&#8221;15px&#8221;][vc_column_text]<\/p>\n<ul>\n<li>Terraza segundo piso por 20 personas o menos<\/li>\n<li>hasta tres horas<\/li>\n<li>mesas y sillas<\/li>\n<li>Elecci\u00f3n de Centros de mesa<\/li>\n<li>Blanco Manteles Incluido<\/li>\n<li>Estacionamiento Privado<\/li>\n<li>limpieza despu\u00e9s del evento<\/li>\n<li>vista perfecta de los fuegos artificiales de verano, los jueves &amp; Viernes<\/li>\n<\/ul>\n<p>[\/vc_column_text][vc_empty_space][\/vc_column_inner][\/vc_row_inner][\/vc_column][\/vc_row][vc_row type=&#8221;full_width_background&#8221; bg_color=&#8221;#222222&#8243; text_color=&#8221;light&#8221; top_padding=&#8221;60&#8243; bottom_padding=&#8221;60&#8243;][vc_column][vc_custom_heading text=&#8221;Beach Ceremonies&#8221; font_container=&#8221;tag:h2|font_size:42px|text_align:center|line_height:60px&#8221; google_fonts=&#8221;font_family:Playfair%20Display%3Aregular%2Citalic%2C700%2C700italic%2C900%2C900italic|font_style:400%20regular%3A400%3Anormal&#8221;][vc_column_text el_class=&#8221;fs21&#8243;]<\/p>\n<p style=\"text-align: center;\">Let us help make your wedding picture perfect. We offer all the elements you need to\u00a0design the wedding of your dreams. Make lasting memories with the natural elegance of a Seaside Ceremony.<\/p>\n<p>[\/vc_column_text][\/vc_column][\/vc_row][vc_row type=&#8221;full_width_content&#8221; bg_image=&#8221;191&#8243; bg_position=&#8221;center center&#8221; parallax_bg=&#8221;true&#8221; top_padding=&#8221;80&#8243; bottom_padding=&#8221;80&#8243;][vc_column width=&#8221;1\/3&#8243;][vc_row_inner css=&#8221;.vc_custom_1450292673725{background-color: #ffffff !important;}&#8221;][vc_column_inner column_padding=&#8221;6%&#8221; el_class=&#8221;double6&#8243; css=&#8221;.vc_custom_1448062254736{background-color: #ffffff !important;}&#8221;][vc_empty_space height=&#8221;15px&#8221;][vc_custom_heading text=&#8221;Sea Spirit Ceremony&#8221; font_container=&#8221;tag:h3|font_size:32px|text_align:center|line_height:40px&#8221; google_fonts=&#8221;font_family:Playfair%20Display%3Aregular%2Citalic%2C700%2C700italic%2C900%2C900italic|font_style:400%20regular%3A400%3Anormal&#8221;][vc_empty_space height=&#8221;15px&#8221;][separator width=&#8221;60px&#8221; height=&#8221;1px&#8221; position=&#8221;center&#8221; color=&#8221;#444444&#8243;][vc_empty_space height=&#8221;15px&#8221;][vc_column_text]The Sea Spirit Ceremony captures the magic of the ocean. Forget Vegas! What happens on Padre stays In your hearts forever!<\/p>\n<ul>\n<li>Officiant<\/li>\n<li>Preferred Beach Location<\/li>\n<\/ul>\n<p>[\/vc_column_text][vc_empty_space][\/vc_column_inner][\/vc_row_inner][\/vc_column][vc_column width=&#8221;1\/3&#8243;][vc_row_inner css=&#8221;.vc_custom_1450292679805{background-color: #ffffff !important;}&#8221;][vc_column_inner column_padding=&#8221;6%&#8221; el_class=&#8221;double6&#8243; css=&#8221;.vc_custom_1448062247127{background-color: #ffffff !important;}&#8221;][vc_empty_space height=&#8221;15px&#8221;][vc_custom_heading text=&#8221;Seashore Ceremony&#8221; font_container=&#8221;tag:h3|font_size:32px|text_align:center|line_height:40px&#8221; google_fonts=&#8221;font_family:Playfair%20Display%3Aregular%2Citalic%2C700%2C700italic%2C900%2C900italic|font_style:400%20regular%3A400%3Anormal&#8221;][vc_empty_space height=&#8221;15px&#8221;][separator width=&#8221;60px&#8221; height=&#8221;1px&#8221; position=&#8221;center&#8221; color=&#8221;#444444&#8243;][vc_empty_space height=&#8221;15px&#8221;][vc_column_text]The Seashore Ceremony is perfect for smaller weddings or vow renewals. Let the ocean be your soundtrack for your special day.<\/p>\n<ul>\n<li>Officiant<\/li>\n<li>Preferred Beach Location<\/li>\n<li>Island Aisle Runner<\/li>\n<li>Elegant Seashell Decor<\/li>\n<li>10 Bamboo Chairs<\/li>\n<\/ul>\n<p>[\/vc_column_text][vc_empty_space][\/vc_column_inner][\/vc_row_inner][\/vc_column][vc_column width=&#8221;1\/3&#8243;][vc_row_inner css=&#8221;.vc_custom_1450292686412{background-color: #ffffff !important;}&#8221;][vc_column_inner column_padding=&#8221;6%&#8221; el_class=&#8221;double6&#8243; css=&#8221;.vc_custom_1448062239352{background-color: #ffffff !important;}&#8221;][vc_empty_space height=&#8221;15px&#8221;][vc_custom_heading text=&#8221;Elegant Island Ceremony&#8221; font_container=&#8221;tag:h3|font_size:32px|text_align:center|line_height:40px&#8221; google_fonts=&#8221;font_family:Playfair%20Display%3Aregular%2Citalic%2C700%2C700italic%2C900%2C900italic|font_style:400%20regular%3A400%3Anormal&#8221;][vc_empty_space height=&#8221;15px&#8221;][separator width=&#8221;60px&#8221; height=&#8221;1px&#8221; position=&#8221;center&#8221; color=&#8221;#444444&#8243;][vc_empty_space height=&#8221;15px&#8221;][vc_column_text]<\/p>\n<ul>\n<li>Choice of Officiant with Consultation<\/li>\n<li>Sound System and Microphone<\/li>\n<li>Music of your choice with Music Coordinator<\/li>\n<li>Preferred Beach Location<\/li>\n<li>Island Aisle Runner<\/li>\n<li>Decorated Bamboo Ceremony Arbor<\/li>\n<li>Elegant Sea Shell &amp; Decorative Driftwood Decor<\/li>\n<li>Decorative Lanterns<\/li>\n<li>Up to 30 Elegant Bamboo Chairs<\/li>\n<li>Custom Aisle Umbrellas<\/li>\n<li>Aguas Frescas Table and Serving Attendant<\/li>\n<li>Decorated Sand Ceremony Table<\/li>\n<li>Ceremony Coordinator &amp; Consultation<\/li>\n<li>Optional 1 Hour Rehearsal<\/li>\n<\/ul>\n<p>[\/vc_column_text][vc_empty_space][\/vc_column_inner][\/vc_row_inner][\/vc_column][\/vc_row][vc_row type=&#8221;full_width_background&#8221; bg_color=&#8221;#222222&#8243; text_color=&#8221;light&#8221; top_padding=&#8221;60&#8243; bottom_padding=&#8221;60&#8243;][vc_column][vc_custom_heading text=&#8221;Additional Event Package Addons&#8221; font_container=&#8221;tag:h2|font_size:42px|text_align:center|line_height:60px&#8221; google_fonts=&#8221;font_family:Playfair%20Display%3Aregular%2Citalic%2C700%2C700italic%2C900%2C900italic|font_style:400%20regular%3A400%3Anormal&#8221;][\/vc_column][\/vc_row][vc_row bg_color=&#8221;#ffffff&#8221;][vc_column][vc_row_inner][vc_column_inner width=&#8221;1\/2&#8243;][vc_custom_heading text=&#8221;Complete Event Planning&#8221; font_container=&#8221;tag:h2|font_size:27px|text_align:left|line_height:44px&#8221; google_fonts=&#8221;font_family:Playfair%20Display%3Aregular%2Citalic%2C700%2C700italic%2C900%2C900italic|font_style:700%20bold%20regular%3A700%3Anormal&#8221;][vc_column_text]Let us help you bring the vision of your event to life. We work hand In hand to develop the perfect event from start to finish. The service begins with a detailed planning meeting to discuss budget and ideas. We become the bride&#8217;s best friend by setting up vendor appointments and tastings, creating detailed itineraries, seating plans and much more. We will also conduct the rehearsal and on the day of the wedding. simply relax and enjoy while our dedicated coordinators arrange all aspects of your celebration. Breathe easy and leave the details to us![\/vc_column_text][\/vc_column_inner][vc_column_inner width=&#8221;1\/2&#8243;][vc_custom_heading text=&#8221;Focus Detailing &amp; Day-Of Coordination&#8221; font_container=&#8221;tag:h2|font_size:27px|text_align:left|line_height:44px&#8221; google_fonts=&#8221;font_family:Playfair%20Display%3Aregular%2Citalic%2C700%2C700italic%2C900%2C900italic|font_style:700%20bold%20regular%3A700%3Anormal&#8221;][vc_column_text]Sit back and enjoy the day you&#8217;ve been planning. Day-of coordination involves taking care of all the loose ends to make your wedding flow seamlessly. The service begins 3-4 weeks prior to the event with a detail-planning meeting. We will create a timeline, organize logistics, confirm vendors, oversee set-up, and wrap up all loose ends. We will also conduct the rehearsal and wedding day from beginning to end.[\/vc_column_text][\/vc_column_inner][\/vc_row_inner][vc_row_inner][vc_column_inner width=&#8221;1\/2&#8243;][vc_custom_heading text=&#8221;In-House Ceremony&#8221; font_container=&#8221;tag:h2|font_size:27px|text_align:left|line_height:44px&#8221; google_fonts=&#8221;font_family:Playfair%20Display%3Aregular%2Citalic%2C700%2C700italic%2C900%2C900italic|font_style:700%20bold%20regular%3A700%3Anormal&#8221;][vc_column_text]Imagine your ceremony in our picturesque tower, open courtyard, fireplace veranda or any of our other in-house ceremony spaces. Your guests will enjoy the ceremony and the reception in one amazing location.[\/vc_column_text][\/vc_column_inner][vc_column_inner width=&#8221;1\/2&#8243;][vc_custom_heading text=&#8221;Custom Decor Package&#8221; font_container=&#8221;tag:h2|font_size:27px|text_align:left|line_height:44px&#8221; google_fonts=&#8221;font_family:Playfair%20Display%3Aregular%2Citalic%2C700%2C700italic%2C900%2C900italic|font_style:700%20bold%20regular%3A700%3Anormal&#8221;][vc_column_text]With your unique style and theme in mind, we will choose your centerpieces and venue decor from our amazing collections. From our highly requested Beach Theme to our colorful Fiesta Theme, this decor package will bring your wedding day vision to life. We will set up and tear down &#8211; all you have to do is show up and enjoy your day.[\/vc_column_text][\/vc_column_inner][\/vc_row_inner][\/vc_column][\/vc_row]<\/p>\n<\/div>","protected":false},"excerpt":{"rendered":"<p>[vc_row type=&#8221;full_width_background&#8221; bg_color=&#8221;#222222&#8243; text_color=&#8221;light&#8221; top_padding=&#8221;60&#8243; bottom_padding=&#8221;60&#8243;][vc_column][vc_custom_heading text=&#8221;El Lugar Casa Mariposa&#8221; font_container=&#8221;tag:h2|font_size:42px|text_align:center|line_height:60px&#8221; google_fonts=&#8221;font_family:Playfair%20Display%3Aregular%2Citalic%2C700%2C700italic%2C900%2C900italic|font_style:400%20regular%3A400%3Anormal&#8221;][vc_column_text el_class=&#8221;fs21&#8243;] Ya sea que usted est\u00e1 en busca de una ceremonia tranquila playa o una celebraci\u00f3n a gran escala, Casa Mariposa puede hacer que su evento especial perfecta y sin esfuerzo. Somos especialistas en la creaci\u00f3n de uno de una clase, impecablemente dise\u00f1ado [&hellip;]<\/p>\n","protected":false},"author":1,"featured_media":0,"parent":0,"menu_order":0,"comment_status":"closed","ping_status":"closed","template":"","meta":{"footnotes":""},"class_list":["post-205","page","type-page","status-publish","hentry"],"yoast_head":"<!-- This site is optimized with the Yoast SEO plugin v26.9 - https:\/\/yoast.com\/product\/yoast-seo-wordpress\/ -->\n<title>Events | Casa Mariposa South Padre Island Event Venue<\/title>\n<meta name=\"description\" content=\"From quiet beach ceremonies to large-scale celebrations, wedding and event planning with Casa Mariposa can make your special event perfect and effortless.\u00a0\" \/>\n<meta name=\"robots\" content=\"index, follow, max-snippet:-1, max-image-preview:large, max-video-preview:-1\" \/>\n<link rel=\"canonical\" href=\"https:\/\/casamariposaspi.com\/events\/\" \/>\n<meta property=\"og:locale\" content=\"es_MX\" \/>\n<meta property=\"og:type\" content=\"article\" \/>\n<meta property=\"og:title\" content=\"Events | Casa Mariposa South Padre Island Event Venue\" \/>\n<meta property=\"og:description\" content=\"From quiet beach ceremonies to large-scale celebrations, wedding and event planning with Casa Mariposa can make your special event perfect and effortless.\u00a0\" \/>\n<meta property=\"og:url\" content=\"https:\/\/casamariposaspi.com\/events\/\" \/>\n<meta property=\"og:site_name\" content=\"Casa Mariposa South Padre Island\" \/>\n<meta property=\"article:publisher\" content=\"https:\/\/www.facebook.com\/casamariposapadre\" \/>\n<meta property=\"article:modified_time\" content=\"2017-02-03T21:59:52+00:00\" \/>\n<meta property=\"og:image\" content=\"https:\/\/casamariposaspi.com\/wp-content\/uploads\/2015\/12\/screenshot.png\" \/>\n\t<meta property=\"og:image:width\" content=\"600\" \/>\n\t<meta property=\"og:image:height\" content=\"450\" \/>\n\t<meta property=\"og:image:type\" content=\"image\/png\" \/>\n<meta name=\"twitter:card\" content=\"summary_large_image\" \/>\n<meta name=\"twitter:site\" content=\"@casamariposa\" \/>\n<meta name=\"twitter:label1\" content=\"Tiempo de lectura\" \/>\n\t<meta name=\"twitter:data1\" content=\"19 minutos\" \/>\n<script type=\"application\/ld+json\" class=\"yoast-schema-graph\">{\"@context\":\"https:\/\/schema.org\",\"@graph\":[{\"@type\":\"WebPage\",\"@id\":\"https:\/\/casamariposaspi.com\/events\/\",\"url\":\"https:\/\/casamariposaspi.com\/events\/\",\"name\":\"Events | Casa Mariposa South Padre Island Event Venue\",\"isPartOf\":{\"@id\":\"https:\/\/casamariposaspi.com\/#website\"},\"datePublished\":\"2015-11-15T13:33:36+00:00\",\"dateModified\":\"2017-02-03T21:59:52+00:00\",\"description\":\"From quiet beach ceremonies to large-scale celebrations, wedding and event planning with Casa Mariposa can make your special event perfect and effortless.\u00a0\",\"breadcrumb\":{\"@id\":\"https:\/\/casamariposaspi.com\/events\/#breadcrumb\"},\"inLanguage\":\"es\",\"potentialAction\":[{\"@type\":\"ReadAction\",\"target\":[\"https:\/\/casamariposaspi.com\/events\/\"]}]},{\"@type\":\"BreadcrumbList\",\"@id\":\"https:\/\/casamariposaspi.com\/events\/#breadcrumb\",\"itemListElement\":[{\"@type\":\"ListItem\",\"position\":1,\"name\":\"Home\",\"item\":\"https:\/\/casamariposaspi.com\/\"},{\"@type\":\"ListItem\",\"position\":2,\"name\":\"Events\"}]},{\"@type\":\"WebSite\",\"@id\":\"https:\/\/casamariposaspi.com\/#website\",\"url\":\"https:\/\/casamariposaspi.com\/\",\"name\":\"Casa Mariposa South Padre Island\",\"description\":\"Event Venue &amp; Villas\",\"publisher\":{\"@id\":\"https:\/\/casamariposaspi.com\/#organization\"},\"potentialAction\":[{\"@type\":\"SearchAction\",\"target\":{\"@type\":\"EntryPoint\",\"urlTemplate\":\"https:\/\/casamariposaspi.com\/?s={search_term_string}\"},\"query-input\":{\"@type\":\"PropertyValueSpecification\",\"valueRequired\":true,\"valueName\":\"search_term_string\"}}],\"inLanguage\":\"es\"},{\"@type\":\"Organization\",\"@id\":\"https:\/\/casamariposaspi.com\/#organization\",\"name\":\"Casa Mariposa Event Venue & Villas\",\"url\":\"https:\/\/casamariposaspi.com\/\",\"logo\":{\"@type\":\"ImageObject\",\"inLanguage\":\"es\",\"@id\":\"https:\/\/casamariposaspi.com\/#\/schema\/logo\/image\/\",\"url\":\"https:\/\/casamariposaspi.com\/wp-content\/uploads\/2015\/11\/cmpspi-logo-dark.png\",\"contentUrl\":\"https:\/\/casamariposaspi.com\/wp-content\/uploads\/2015\/11\/cmpspi-logo-dark.png\",\"width\":454,\"height\":128,\"caption\":\"Casa Mariposa Event Venue & Villas\"},\"image\":{\"@id\":\"https:\/\/casamariposaspi.com\/#\/schema\/logo\/image\/\"},\"sameAs\":[\"https:\/\/www.facebook.com\/casamariposapadre\",\"https:\/\/x.com\/casamariposa\",\"https:\/\/instagram.com\/casamariposa\",\"https:\/\/www.pinterest.com\/casamariposaspi\/\",\"http:\/\/www.youtube.com\/c\/Casamariposaspi\"]}]}<\/script>\n<!-- \/ Yoast SEO plugin. -->","yoast_head_json":{"title":"Events | Casa Mariposa South Padre Island Event Venue","description":"From quiet beach ceremonies to large-scale celebrations, wedding and event planning with Casa Mariposa can make your special event perfect and effortless.\u00a0","robots":{"index":"index","follow":"follow","max-snippet":"max-snippet:-1","max-image-preview":"max-image-preview:large","max-video-preview":"max-video-preview:-1"},"canonical":"https:\/\/casamariposaspi.com\/events\/","og_locale":"es_MX","og_type":"article","og_title":"Events | Casa Mariposa South Padre Island Event Venue","og_description":"From quiet beach ceremonies to large-scale celebrations, wedding and event planning with Casa Mariposa can make your special event perfect and effortless.\u00a0","og_url":"https:\/\/casamariposaspi.com\/events\/","og_site_name":"Casa Mariposa South Padre Island","article_publisher":"https:\/\/www.facebook.com\/casamariposapadre","article_modified_time":"2017-02-03T21:59:52+00:00","og_image":[{"width":600,"height":450,"url":"https:\/\/casamariposaspi.com\/wp-content\/uploads\/2015\/12\/screenshot.png","type":"image\/png"}],"twitter_card":"summary_large_image","twitter_site":"@casamariposa","twitter_misc":{"Tiempo de lectura":"19 minutos"},"schema":{"@context":"https:\/\/schema.org","@graph":[{"@type":"WebPage","@id":"https:\/\/casamariposaspi.com\/events\/","url":"https:\/\/casamariposaspi.com\/events\/","name":"Events | Casa Mariposa South Padre Island Event Venue","isPartOf":{"@id":"https:\/\/casamariposaspi.com\/#website"},"datePublished":"2015-11-15T13:33:36+00:00","dateModified":"2017-02-03T21:59:52+00:00","description":"From quiet beach ceremonies to large-scale celebrations, wedding and event planning with Casa Mariposa can make your special event perfect and effortless.\u00a0","breadcrumb":{"@id":"https:\/\/casamariposaspi.com\/events\/#breadcrumb"},"inLanguage":"es","potentialAction":[{"@type":"ReadAction","target":["https:\/\/casamariposaspi.com\/events\/"]}]},{"@type":"BreadcrumbList","@id":"https:\/\/casamariposaspi.com\/events\/#breadcrumb","itemListElement":[{"@type":"ListItem","position":1,"name":"Home","item":"https:\/\/casamariposaspi.com\/"},{"@type":"ListItem","position":2,"name":"Events"}]},{"@type":"WebSite","@id":"https:\/\/casamariposaspi.com\/#website","url":"https:\/\/casamariposaspi.com\/","name":"Casa Mariposa South Padre Island","description":"Event Venue &amp; Villas","publisher":{"@id":"https:\/\/casamariposaspi.com\/#organization"},"potentialAction":[{"@type":"SearchAction","target":{"@type":"EntryPoint","urlTemplate":"https:\/\/casamariposaspi.com\/?s={search_term_string}"},"query-input":{"@type":"PropertyValueSpecification","valueRequired":true,"valueName":"search_term_string"}}],"inLanguage":"es"},{"@type":"Organization","@id":"https:\/\/casamariposaspi.com\/#organization","name":"Casa Mariposa Event Venue & Villas","url":"https:\/\/casamariposaspi.com\/","logo":{"@type":"ImageObject","inLanguage":"es","@id":"https:\/\/casamariposaspi.com\/#\/schema\/logo\/image\/","url":"https:\/\/casamariposaspi.com\/wp-content\/uploads\/2015\/11\/cmpspi-logo-dark.png","contentUrl":"https:\/\/casamariposaspi.com\/wp-content\/uploads\/2015\/11\/cmpspi-logo-dark.png","width":454,"height":128,"caption":"Casa Mariposa Event Venue & Villas"},"image":{"@id":"https:\/\/casamariposaspi.com\/#\/schema\/logo\/image\/"},"sameAs":["https:\/\/www.facebook.com\/casamariposapadre","https:\/\/x.com\/casamariposa","https:\/\/instagram.com\/casamariposa","https:\/\/www.pinterest.com\/casamariposaspi\/","http:\/\/www.youtube.com\/c\/Casamariposaspi"]}]}},"_links":{"self":[{"href":"https:\/\/casamariposaspi.com\/es\/wp-json\/wp\/v2\/pages\/205","targetHints":{"allow":["GET"]}}],"collection":[{"href":"https:\/\/casamariposaspi.com\/es\/wp-json\/wp\/v2\/pages"}],"about":[{"href":"https:\/\/casamariposaspi.com\/es\/wp-json\/wp\/v2\/types\/page"}],"author":[{"embeddable":true,"href":"https:\/\/casamariposaspi.com\/es\/wp-json\/wp\/v2\/users\/1"}],"replies":[{"embeddable":true,"href":"https:\/\/casamariposaspi.com\/es\/wp-json\/wp\/v2\/comments?post=205"}],"version-history":[{"count":69,"href":"https:\/\/casamariposaspi.com\/es\/wp-json\/wp\/v2\/pages\/205\/revisions"}],"predecessor-version":[{"id":867,"href":"https:\/\/casamariposaspi.com\/es\/wp-json\/wp\/v2\/pages\/205\/revisions\/867"}],"wp:attachment":[{"href":"https:\/\/casamariposaspi.com\/es\/wp-json\/wp\/v2\/media?parent=205"}],"curies":[{"name":"wp","href":"https:\/\/api.w.org\/{rel}","templated":true}]}}