{"id":100,"date":"2015-08-25T12:52:36","date_gmt":"2015-08-25T12:52:36","guid":{"rendered":"http:\/\/codeless.co\/tower\/creative\/?page_id=100"},"modified":"2016-02-12T14:47:04","modified_gmt":"2016-02-12T20:47:04","slug":"about-us","status":"publish","type":"page","link":"https:\/\/casamariposaspi.com\/es\/about-us\/","title":{"rendered":"Acerca de Nosotros"},"content":{"rendered":"<div class=\"wpb-content-wrapper\"><p>[vc_row type=&#8221;full_width_content&#8221; top_padding=&#8221;0&#8243; bottom_padding=&#8221;0&#8243;][vc_column width=&#8221;1\/4&#8243; centered_cont=&#8221;true&#8221; centered_cont_vertical=&#8221;true&#8221; background_image=&#8221;713&#8243;][vc_column_text][\/vc_column_text][\/vc_column][vc_column width=&#8221;3\/4&#8243; column_padding=&#8221;4%&#8221; background_color=&#8221;#222222&#8243;][vc_column_text el_class=&#8221;fs16&#8243;]Bienvenido a Casa Mariposa Lugar y Villas. Gracias por su inter\u00e9s en nuestra sede para su pr\u00f3ximo evento ti.<\/p>\n<p>Por favor, si\u00e9ntase libre de llamarnos con cualquier pregunta. Nuestro personal profesional y cort\u00e9s puede ayudar con todos los detalles para hacer de su experiencia en Casa Mariposa memorable.<\/p>\n<p>Una excursi\u00f3n privada con uno de nuestros planificadores de eventos personales es la mejor manera de capturar la magia de esta obra maestra de la arquitectura. Los tours est\u00e1n disponibles diariamente y que son invitados a traer a su familia y amigos.<\/p>\n<p>Una vez m\u00e1s, gracias por su inter\u00e9s en la Casa Mariposa Venue &amp; Villas. Esperamos con inter\u00e9s la creaci\u00f3n de la boda de sus sue\u00f1os.<\/p>\n<p style=\"text-align: right;\">Sinceramente,<br \/>\nSherrie Gomez &#8211; Propietario<br \/>\nCasa Mariposa<\/p>\n<p>[\/vc_column_text][\/vc_column][\/vc_row][vc_row top_padding=&#8221;0&#8243; bottom_padding=&#8221;0&#8243;][vc_column][vc_custom_heading text=&#8221;South Padre Island, Texas&#8221; font_container=&#8221;tag:h2|font_size:14px|text_align:center|color:%23e5af5a|line_height:20px&#8221; google_fonts=&#8221;font_family:Merriweather%3A300%2C300italic%2Cregular%2Citalic%2C700%2C700italic%2C900%2C900italic|font_style:300%20light%20italic%3A300%3Aitalic&#8221;][block_title inner_style_title=&#8221;only_text&#8221; title=&#8221;Casa Mariposa Evento Lugar &amp; Villas&#8221;][\/block_title][vc_text_separator title=&#8221;El amor est\u00e1 en todos los detalles&#8221; style=&#8221;dashed&#8221; el_width=&#8221;70&#8243;][vc_row_inner][vc_column_inner width=&#8221;1\/2&#8243;][vc_column_text el_class=&#8221;fs16&#8243;]El coraz\u00f3n de Casa Mariposa Boutique Guest House es su patio colonial mexicano, con su gran fuente y jard\u00edn tropical. Proporciona sonidos reclusi\u00f3n y calmantes y olores. Una vez palito, un enorme \u00e1rbol Plumeria ordena el patio proporcionando sombra y un aroma sensual. Rodeado de tres dormitorios patio y la casa principal, te sentir\u00e1s como si estuvieras de nuevo en viejo mundo M\u00e9xico. Colores brillantes hamacas, balance\u00e1ndose en la brisa del mar, invitan una a cavar y escalofr\u00edo. Mango, papaya y Sandia colores adornan las paredes interiores con el arte popular caprichoso recogido de nuestros viajes. Aislado del resto del mundo, si no se pierden a s\u00ed mismo en la naturaleza, el color, el arte y el encanto del viejo mundo. Nuestros clientes siempre dicen que les gustar\u00eda tomar la casa patio con ellos. La memoria siempre los trae de vuelta para otra visita.[\/vc_column_text][\/vc_column_inner][vc_column_inner width=&#8221;1\/2&#8243;][vc_column_text el_class=&#8221;fs16&#8243;]Otra joya escondida de Casa Mariposa es su ubicaci\u00f3n \u00fanica detr\u00e1s santuario de aves del Fondo de Tierras Valley. Este peque\u00f1o pedazo de tierra boscosa en South Padre Island es una meca para las aves migratorias que buscan refugio de los vientos fuertes o una larga migraci\u00f3n sobre el agua. De agua dulce y un mont\u00f3n de protecci\u00f3n boscosa proporcionan docenas de especies de un refugio de descanso antes de continuar su migraci\u00f3n. Una breve lista incluye muchas especies de currucas, escribanos \u00edndigo, escribanos pintados, varias especies de orop\u00e9ndolas, una variedad de colibr\u00edes y muchos m\u00e1s. Casa Mariposa ha tenido el honor de acoger fot\u00f3grafos de vida silvestre de prestigio como \u00eddem y Richard Moore. Otros observadores de aves que trabajan en su lista de la vida han incluido el ex presidente Jimmy Carter y la Primera Dama Rosalynn Carter. Casa Mariposa Boutique Guest House es ideal para observadores de aves que deseen una visita privada de este para\u00edso de observador de aves.[\/vc_column_text][\/vc_column_inner][\/vc_row_inner][\/vc_column][\/vc_row][vc_row type=&#8221;full_width_background&#8221; bg_color=&#8221;#222222&#8243; text_color=&#8221;light&#8221; top_padding=&#8221;60&#8243; bottom_padding=&#8221;60&#8243;][vc_column][block_title inner_style_title=&#8221;only_text&#8221; title=&#8221;Ingenioso , Encantador y \u00danico&#8221;][\/block_title][vc_custom_heading text=&#8221;Historia Lugar &#8211; La historia de Casa Mariposa&#8221; font_container=&#8221;tag:h3|font_size:14px|text_align:center|line_height:20px&#8221; google_fonts=&#8221;font_family:Merriweather%3A300%2C300italic%2Cregular%2Citalic%2C700%2C700italic%2C900%2C900italic|font_style:300%20light%20italic%3A300%3Aitalic&#8221;][\/vc_column][\/vc_row][vc_row type=&#8221;full_width_content&#8221; bg_image=&#8221;610&#8243; bg_position=&#8221;center center&#8221; parallax_bg=&#8221;true&#8221; top_padding=&#8221;0&#8243; bottom_padding=&#8221;0&#8243; class=&#8221;in-shadow&#8221;][vc_column width=&#8221;1\/2&#8243; font_color=&#8221;#dfdfdf&#8221; css=&#8221;.vc_custom_1447883822755{margin-right: 60px !important;margin-left: 60px !important;padding-top: 30px !important;padding-right: 60px !important;padding-bottom: 30px !important;padding-left: 60px !important;background-color: #222222 !important;}&#8221;][vc_column_text el_class=&#8221;fs16 flight&#8221;]Casa Mariposa Evento Lugar es una extensi\u00f3n de Casa Mariposa Boutique Guesthouse en una escala mayor. Originalmente construido para Steve, negocios Realty, Steve G\u00f3mez y Asociados, ahora se convierte en un centro de eventos, ideal para peque\u00f1as bodas, fiestas grandes o sala de conciertos, este es verdaderamente \u00fanico en su clase. Nuestro concepto para nuestro nuevo edificio era fusionar mexicana, influencias y elementos a la estructura de la India y Marruecos. Steve acu\u00f1\u00f3 el t\u00e9rmino &#8220;Morroxican&#8221;. Nos esencialmente construido nuestro edificio de oficinas en torno a un par de puertas talladas a mano de madera de teca afganos remontan siglos enmarcados por un par de pantallas de la ventana de piedra arenisca tallada a mano. Steve y yo compartimos una pasi\u00f3n para crear y hacer cosas est\u00e9ticamente bello. Nos sentimos honrados de las hermosas piezas artesanales que hab\u00edan sido desechadas y nos fuimos a la ruina. Una de mis piezas favoritas es una mesa de centro que se utiliz\u00f3 originalmente como la silla de un elefante indio. Se elaboradamente se talla y todav\u00eda lleva los anillos de hierro, una vez utilizados para fijar la silla de montar.<\/p>\n<p>Steve y yo quer\u00eda apoyar a las empresas locales en todo el valle. Vida Antig\u00fcedades nos proporcion\u00f3 columnas indias hermosas, as\u00ed como piezas \u00fanicas que art\u00edsticamente adornan nuestras habitaciones. La oficina de Steve fue nombrado con un hermoso conjunto de Dise\u00f1ador Descuento Showroom. Me sorprendi\u00f3 gratamente encontrar alta calidad y variedad en nuestras tiendas de azulejos, de luz, y de suministro de ba\u00f1o locales. Otra gran fuente de rescate arquitect\u00f3nico es Importaciones de Balinska en Houston. Compramos viejas columnas de la India, puertas y vidrieras de antiguos palacios que hab\u00edan ca\u00eddo en la ruina.[\/vc_column_text][\/vc_column][vc_column width=&#8221;1\/2&#8243; offset=&#8221;vc_hidden-lg vc_hidden-md vc_hidden-sm vc_hidden-xs&#8221;][vc_column_text][\/vc_column_text][\/vc_column][\/vc_row][vc_row type=&#8221;full_width_background&#8221; bg_color=&#8221;#222222&#8243; text_color=&#8221;light&#8221; top_padding=&#8221;60&#8243; bottom_padding=&#8221;60&#8243;][vc_column][vc_column_text]<\/p>\n<blockquote class=\"bq1\"><p>Steve y yo compartimos una pasi\u00f3n para crear y hacer cosas est\u00e9ticamente bello. Nos sentimos honrados de las hermosas piezas elaboradas a mano que hab\u00edan sido desechados y dejados a la ruina<\/p><\/blockquote>\n<p>[\/vc_column_text][\/vc_column][\/vc_row][vc_row type=&#8221;full_width_content&#8221; bg_image=&#8221;366&#8243; bg_position=&#8221;left bottom&#8221; parallax_bg=&#8221;true&#8221; top_padding=&#8221;0&#8243; bottom_padding=&#8221;0&#8243; class=&#8221;in-shadow&#8221;][vc_column width=&#8221;1\/2&#8243; offset=&#8221;vc_hidden-lg vc_hidden-md vc_hidden-sm vc_hidden-xs&#8221;][vc_column_text][\/vc_column_text][\/vc_column][vc_column width=&#8221;1\/2&#8243; background_color=&#8221;#dfdfdf&#8221; font_color=&#8221;#dfdfdf&#8221; el_class=&#8221;go-right fs16 fthin&#8221; css=&#8221;.vc_custom_1447886153067{margin-right: 60px !important;margin-left: 60px !important;padding-top: 30px !important;padding-right: 60px !important;padding-bottom: 30px !important;padding-left: 60px !important;background-color: #222222 !important;}&#8221;][vc_column_text el_class=&#8221;fs16 flight&#8221;]Una vez m\u00e1s, el amor est\u00e1 en los detalles como se evidencia en todo el Steve G\u00f3mez Building. Contratistas Coastal nos dio con los mejores artesanos en todos los medios. Un impresionante puerta de caoba hechos a mano adorna la entrada a Casa Mariposa Evento Lugar. Yo estaba hablando con el artesano que hizo que las puertas y me estaba explicando mi visi\u00f3n de las vanidades. Le expliqu\u00e9 con muchos gestos con las manos que no me gustan las l\u00edneas rectas. Quer\u00eda curvas como ondas, movimiento, fluyendo y sexy. Me mir\u00f3 un poco perplejo, sonri\u00f3 y dijo: &#8220;Dibuja a cabo&#8221;. Esboc\u00e9 los dise\u00f1os que quer\u00eda y estaba simplemente asombrado por su artesan\u00eda. Su obra ha superado mis expectativas.<\/p>\n<p>Otro de mis elementos arquitect\u00f3nicos favoritas es la torreta en la sede del evento. Elev\u00e1ndose sobre el patio de granito triturado su suave fuente verde proporciona una fuente de agua para el patio. Subiendo la escalera de caracol conduce a una segunda terraza piso donde son recibidos por una fuente de agua y algunas incre\u00edbles puestas de sol. La terraza ofrece un lugar muy rom\u00e1ntico para una cena de luz de la luna o de un peque\u00f1o grupo.[\/vc_column_text][\/vc_column][\/vc_row][vc_row type=&#8221;full_width_background&#8221; bg_color=&#8221;#222222&#8243; text_color=&#8221;light&#8221; top_padding=&#8221;60&#8243; bottom_padding=&#8221;60&#8243;][vc_column][vc_column_text]<\/p>\n<blockquote class=\"bq1\"><p>Otro de mis elementos arquitect\u00f3nicos favoritas es la torreta en la sede del evento. Elev\u00e1ndose sobre el patio de granito triturado su suave fuente verde proporciona una fuente de agua para el patio.<\/p><\/blockquote>\n<p>[\/vc_column_text][\/vc_column][\/vc_row][vc_row type=&#8221;full_width_content&#8221; bg_image=&#8221;443&#8243; bg_position=&#8221;center center&#8221; parallax_bg=&#8221;true&#8221; top_padding=&#8221;0&#8243; bottom_padding=&#8221;0&#8243; class=&#8221;in-shadow&#8221;][vc_column width=&#8221;1\/2&#8243; font_color=&#8221;#dfdfdf&#8221; css=&#8221;.vc_custom_1447883822755{margin-right: 60px !important;margin-left: 60px !important;padding-top: 30px !important;padding-right: 60px !important;padding-bottom: 30px !important;padding-left: 60px !important;background-color: #222222 !important;}&#8221;][vc_column_text el_class=&#8221;fs16 flight&#8221;]Mi cuarto de ba\u00f1o favorito de Casa Mariposa es llamado el ba\u00f1o de sirena. Utilizamos azulejos de cristal azules inspirados en vidrio de la playa recogido de nuestros viajes. Nuestro jacuzzi est\u00e1 rodeado de rincones llenos de botellas de vidrio de antig\u00fcedades. Iluminaci\u00f3n y privacidad es proporcionada por bloques de vidrio en la pared exterior. El lavabo de cristal se asemeja a una concha de abul\u00f3n y se sienta encima de uno de los armarios de curvas personalizado.<\/p>\n<p>No creo que ellos hacen el color beige en M\u00e9xico. Al igual que las personas, todo lo que es vibrante y viva y nuestra inspiraci\u00f3n de color vino de la gente, la belleza, los colores, y el alma de M\u00e9xico. Steve y yo nos sentimos honrados de ser acogido en estas casas de amigos. Ellos nos ense\u00f1aron mucho acerca de ser trabajador, la humanidad, la humildad y mucho m\u00e1s. Nos ser\u00e1n muy apreciados estos momentos.<\/p>\n<p>Este edificio era una empresa de gran envergadura y no podr\u00eda haber sido completado sin los esfuerzos de colaboraci\u00f3n de Joe y Anita Baker, de Contratistas costeras junto con Steve y yo Joe contrata s\u00f3lo los mejores y tuvimos la suerte de tener un incre\u00edble equipo tan trabajador que pudiera ver nuestra visi\u00f3n. He o\u00eddo decir que se necesita un pueblo y puedo dar fe de que sin duda lo hace. El edificio a\u00fan no hab\u00eda sido totalmente terminado antes de la muerte de Steve por lo que nunca fue capaz de ver su visi\u00f3n se dio cuenta. Mis hermanos, voy a llamar a ellos, todos vinieron a ayudarme a completar el sue\u00f1o de Steve sin aceptar la indemnizaci\u00f3n.[\/vc_column_text][\/vc_column][vc_column width=&#8221;1\/2&#8243; offset=&#8221;vc_hidden-lg vc_hidden-md vc_hidden-sm vc_hidden-xs&#8221;][vc_column_text][\/vc_column_text][\/vc_column][\/vc_row]<\/p>\n<\/div>","protected":false},"excerpt":{"rendered":"<p>[vc_row type=&#8221;full_width_content&#8221; top_padding=&#8221;0&#8243; bottom_padding=&#8221;0&#8243;][vc_column width=&#8221;1\/4&#8243; centered_cont=&#8221;true&#8221; centered_cont_vertical=&#8221;true&#8221; background_image=&#8221;713&#8243;][vc_column_text][\/vc_column_text][\/vc_column][vc_column width=&#8221;3\/4&#8243; column_padding=&#8221;4%&#8221; background_color=&#8221;#222222&#8243;][vc_column_text el_class=&#8221;fs16&#8243;]Bienvenido a Casa Mariposa Lugar y Villas. Gracias por su inter\u00e9s en nuestra sede para su pr\u00f3ximo evento ti. Por favor, si\u00e9ntase libre de llamarnos con cualquier pregunta. Nuestro personal profesional y cort\u00e9s puede ayudar con todos los detalles para hacer de su experiencia [&hellip;]<\/p>\n","protected":false},"author":1,"featured_media":0,"parent":0,"menu_order":0,"comment_status":"closed","ping_status":"closed","template":"","meta":{"footnotes":""},"class_list":["post-100","page","type-page","status-publish","hentry"],"yoast_head":"<!-- This site is optimized with the Yoast SEO plugin v26.9 - https:\/\/yoast.com\/product\/yoast-seo-wordpress\/ -->\n<title>Acerca de Nosotros | Casa Mariposa South Padre Island<\/title>\n<meta name=\"description\" content=\"Artful, Charming &amp; Unique. Venue History - Learn more about Casa Mariposa of South Padre Island.\" \/>\n<meta name=\"robots\" content=\"index, follow, max-snippet:-1, max-image-preview:large, max-video-preview:-1\" \/>\n<link rel=\"canonical\" href=\"https:\/\/casamariposaspi.com\/about-us\/\" \/>\n<meta property=\"og:locale\" content=\"es_MX\" \/>\n<meta property=\"og:type\" content=\"article\" \/>\n<meta property=\"og:title\" content=\"Acerca de Nosotros | Casa Mariposa South Padre Island\" \/>\n<meta property=\"og:description\" content=\"Artful, Charming &amp; Unique. Venue History - Learn more about Casa Mariposa of South Padre Island.\" \/>\n<meta property=\"og:url\" content=\"https:\/\/casamariposaspi.com\/about-us\/\" \/>\n<meta property=\"og:site_name\" content=\"Casa Mariposa South Padre Island\" \/>\n<meta property=\"article:publisher\" content=\"https:\/\/www.facebook.com\/casamariposapadre\" \/>\n<meta property=\"article:modified_time\" content=\"2016-02-12T20:47:04+00:00\" \/>\n<meta property=\"og:image\" content=\"https:\/\/casamariposaspi.com\/wp-content\/uploads\/2015\/12\/screenshot.png\" \/>\n\t<meta property=\"og:image:width\" content=\"600\" \/>\n\t<meta property=\"og:image:height\" content=\"450\" \/>\n\t<meta property=\"og:image:type\" content=\"image\/png\" \/>\n<meta name=\"twitter:card\" content=\"summary_large_image\" \/>\n<meta name=\"twitter:site\" content=\"@casamariposa\" \/>\n<meta name=\"twitter:label1\" content=\"Tiempo de lectura\" \/>\n\t<meta name=\"twitter:data1\" content=\"18 minutos\" \/>\n<script type=\"application\/ld+json\" class=\"yoast-schema-graph\">{\"@context\":\"https:\/\/schema.org\",\"@graph\":[{\"@type\":\"WebPage\",\"@id\":\"https:\/\/casamariposaspi.com\/about-us\/\",\"url\":\"https:\/\/casamariposaspi.com\/about-us\/\",\"name\":\"Acerca de Nosotros | Casa Mariposa South Padre Island\",\"isPartOf\":{\"@id\":\"https:\/\/casamariposaspi.com\/#website\"},\"datePublished\":\"2015-08-25T12:52:36+00:00\",\"dateModified\":\"2016-02-12T20:47:04+00:00\",\"description\":\"Artful, Charming & Unique. Venue History - Learn more about Casa Mariposa of South Padre Island.\",\"breadcrumb\":{\"@id\":\"https:\/\/casamariposaspi.com\/about-us\/#breadcrumb\"},\"inLanguage\":\"es\",\"potentialAction\":[{\"@type\":\"ReadAction\",\"target\":[\"https:\/\/casamariposaspi.com\/about-us\/\"]}]},{\"@type\":\"BreadcrumbList\",\"@id\":\"https:\/\/casamariposaspi.com\/about-us\/#breadcrumb\",\"itemListElement\":[{\"@type\":\"ListItem\",\"position\":1,\"name\":\"Home\",\"item\":\"https:\/\/casamariposaspi.com\/\"},{\"@type\":\"ListItem\",\"position\":2,\"name\":\"About Us\"}]},{\"@type\":\"WebSite\",\"@id\":\"https:\/\/casamariposaspi.com\/#website\",\"url\":\"https:\/\/casamariposaspi.com\/\",\"name\":\"Casa Mariposa South Padre Island\",\"description\":\"Event Venue &amp; Villas\",\"publisher\":{\"@id\":\"https:\/\/casamariposaspi.com\/#organization\"},\"potentialAction\":[{\"@type\":\"SearchAction\",\"target\":{\"@type\":\"EntryPoint\",\"urlTemplate\":\"https:\/\/casamariposaspi.com\/?s={search_term_string}\"},\"query-input\":{\"@type\":\"PropertyValueSpecification\",\"valueRequired\":true,\"valueName\":\"search_term_string\"}}],\"inLanguage\":\"es\"},{\"@type\":\"Organization\",\"@id\":\"https:\/\/casamariposaspi.com\/#organization\",\"name\":\"Casa Mariposa Event Venue & Villas\",\"url\":\"https:\/\/casamariposaspi.com\/\",\"logo\":{\"@type\":\"ImageObject\",\"inLanguage\":\"es\",\"@id\":\"https:\/\/casamariposaspi.com\/#\/schema\/logo\/image\/\",\"url\":\"https:\/\/casamariposaspi.com\/wp-content\/uploads\/2015\/11\/cmpspi-logo-dark.png\",\"contentUrl\":\"https:\/\/casamariposaspi.com\/wp-content\/uploads\/2015\/11\/cmpspi-logo-dark.png\",\"width\":454,\"height\":128,\"caption\":\"Casa Mariposa Event Venue & Villas\"},\"image\":{\"@id\":\"https:\/\/casamariposaspi.com\/#\/schema\/logo\/image\/\"},\"sameAs\":[\"https:\/\/www.facebook.com\/casamariposapadre\",\"https:\/\/x.com\/casamariposa\",\"https:\/\/instagram.com\/casamariposa\",\"https:\/\/www.pinterest.com\/casamariposaspi\/\",\"http:\/\/www.youtube.com\/c\/Casamariposaspi\"]}]}<\/script>\n<!-- \/ Yoast SEO plugin. -->","yoast_head_json":{"title":"Acerca de Nosotros | Casa Mariposa South Padre Island","description":"Artful, Charming & Unique. Venue History - Learn more about Casa Mariposa of South Padre Island.","robots":{"index":"index","follow":"follow","max-snippet":"max-snippet:-1","max-image-preview":"max-image-preview:large","max-video-preview":"max-video-preview:-1"},"canonical":"https:\/\/casamariposaspi.com\/about-us\/","og_locale":"es_MX","og_type":"article","og_title":"Acerca de Nosotros | Casa Mariposa South Padre Island","og_description":"Artful, Charming & Unique. Venue History - Learn more about Casa Mariposa of South Padre Island.","og_url":"https:\/\/casamariposaspi.com\/about-us\/","og_site_name":"Casa Mariposa South Padre Island","article_publisher":"https:\/\/www.facebook.com\/casamariposapadre","article_modified_time":"2016-02-12T20:47:04+00:00","og_image":[{"width":600,"height":450,"url":"https:\/\/casamariposaspi.com\/wp-content\/uploads\/2015\/12\/screenshot.png","type":"image\/png"}],"twitter_card":"summary_large_image","twitter_site":"@casamariposa","twitter_misc":{"Tiempo de lectura":"18 minutos"},"schema":{"@context":"https:\/\/schema.org","@graph":[{"@type":"WebPage","@id":"https:\/\/casamariposaspi.com\/about-us\/","url":"https:\/\/casamariposaspi.com\/about-us\/","name":"Acerca de Nosotros | Casa Mariposa South Padre Island","isPartOf":{"@id":"https:\/\/casamariposaspi.com\/#website"},"datePublished":"2015-08-25T12:52:36+00:00","dateModified":"2016-02-12T20:47:04+00:00","description":"Artful, Charming & Unique. Venue History - Learn more about Casa Mariposa of South Padre Island.","breadcrumb":{"@id":"https:\/\/casamariposaspi.com\/about-us\/#breadcrumb"},"inLanguage":"es","potentialAction":[{"@type":"ReadAction","target":["https:\/\/casamariposaspi.com\/about-us\/"]}]},{"@type":"BreadcrumbList","@id":"https:\/\/casamariposaspi.com\/about-us\/#breadcrumb","itemListElement":[{"@type":"ListItem","position":1,"name":"Home","item":"https:\/\/casamariposaspi.com\/"},{"@type":"ListItem","position":2,"name":"About Us"}]},{"@type":"WebSite","@id":"https:\/\/casamariposaspi.com\/#website","url":"https:\/\/casamariposaspi.com\/","name":"Casa Mariposa South Padre Island","description":"Event Venue &amp; Villas","publisher":{"@id":"https:\/\/casamariposaspi.com\/#organization"},"potentialAction":[{"@type":"SearchAction","target":{"@type":"EntryPoint","urlTemplate":"https:\/\/casamariposaspi.com\/?s={search_term_string}"},"query-input":{"@type":"PropertyValueSpecification","valueRequired":true,"valueName":"search_term_string"}}],"inLanguage":"es"},{"@type":"Organization","@id":"https:\/\/casamariposaspi.com\/#organization","name":"Casa Mariposa Event Venue & Villas","url":"https:\/\/casamariposaspi.com\/","logo":{"@type":"ImageObject","inLanguage":"es","@id":"https:\/\/casamariposaspi.com\/#\/schema\/logo\/image\/","url":"https:\/\/casamariposaspi.com\/wp-content\/uploads\/2015\/11\/cmpspi-logo-dark.png","contentUrl":"https:\/\/casamariposaspi.com\/wp-content\/uploads\/2015\/11\/cmpspi-logo-dark.png","width":454,"height":128,"caption":"Casa Mariposa Event Venue & Villas"},"image":{"@id":"https:\/\/casamariposaspi.com\/#\/schema\/logo\/image\/"},"sameAs":["https:\/\/www.facebook.com\/casamariposapadre","https:\/\/x.com\/casamariposa","https:\/\/instagram.com\/casamariposa","https:\/\/www.pinterest.com\/casamariposaspi\/","http:\/\/www.youtube.com\/c\/Casamariposaspi"]}]}},"_links":{"self":[{"href":"https:\/\/casamariposaspi.com\/es\/wp-json\/wp\/v2\/pages\/100","targetHints":{"allow":["GET"]}}],"collection":[{"href":"https:\/\/casamariposaspi.com\/es\/wp-json\/wp\/v2\/pages"}],"about":[{"href":"https:\/\/casamariposaspi.com\/es\/wp-json\/wp\/v2\/types\/page"}],"author":[{"embeddable":true,"href":"https:\/\/casamariposaspi.com\/es\/wp-json\/wp\/v2\/users\/1"}],"replies":[{"embeddable":true,"href":"https:\/\/casamariposaspi.com\/es\/wp-json\/wp\/v2\/comments?post=100"}],"version-history":[{"count":58,"href":"https:\/\/casamariposaspi.com\/es\/wp-json\/wp\/v2\/pages\/100\/revisions"}],"predecessor-version":[{"id":743,"href":"https:\/\/casamariposaspi.com\/es\/wp-json\/wp\/v2\/pages\/100\/revisions\/743"}],"wp:attachment":[{"href":"https:\/\/casamariposaspi.com\/es\/wp-json\/wp\/v2\/media?parent=100"}],"curies":[{"name":"wp","href":"https:\/\/api.w.org\/{rel}","templated":true}]}}